{"id":1230,"date":"2024-01-03T11:32:14","date_gmt":"2024-01-03T09:32:14","guid":{"rendered":"https:\/\/www.calsaragossa.cat\/com-arribar\/"},"modified":"2024-03-13T12:53:33","modified_gmt":"2024-03-13T10:53:33","slug":"com-arribar","status":"publish","type":"page","link":"https:\/\/www.calsaragossa.cat\/es\/com-arribar\/","title":{"rendered":"C\u00f3mo llegar"},"content":{"rendered":"\t\t<div data-elementor-type=\"wp-page\" data-elementor-id=\"1230\" class=\"elementor elementor-1230\">\n\t\t\t\t\t\t<section class=\"elementor-section elementor-top-section elementor-element elementor-element-667383a elementor-section-boxed elementor-section-height-default elementor-section-height-default\" data-id=\"667383a\" data-element_type=\"section\" data-e-type=\"section\" data-settings=\"{&quot;background_background&quot;:&quot;classic&quot;}\">\n\t\t\t\t\t\t<div class=\"elementor-container elementor-column-gap-no\">\n\t\t\t\t\t<div class=\"aux-parallax-section elementor-column elementor-col-100 elementor-top-column elementor-element elementor-element-5311eec\" data-id=\"5311eec\" data-element_type=\"column\" data-e-type=\"column\">\n\t\t\t<div class=\"elementor-widget-wrap elementor-element-populated\">\n\t\t\t\t\t\t<div class=\"elementor-element elementor-element-e7e661a aux-appear-watch-animation aux-fade-in-down elementor-widget elementor-widget-heading\" data-id=\"e7e661a\" data-element_type=\"widget\" data-e-type=\"widget\" data-widget_type=\"heading.default\">\n\t\t\t\t<div class=\"elementor-widget-container\">\n\t\t\t\t\t<h5 class=\"elementor-heading-title elementor-size-default\">Cal Saragossa<\/h5>\t\t\t\t<\/div>\n\t\t\t\t<\/div>\n\t\t\t\t<div class=\"elementor-element elementor-element-ede2eeb aux-appear-watch-animation aux-fade-in-up-1 elementor-widget elementor-widget-heading\" data-id=\"ede2eeb\" data-element_type=\"widget\" data-e-type=\"widget\" data-widget_type=\"heading.default\">\n\t\t\t\t<div class=\"elementor-widget-container\">\n\t\t\t\t\t<h2 class=\"elementor-heading-title elementor-size-default\">C\u00f3mo llegar<\/h2>\t\t\t\t<\/div>\n\t\t\t\t<\/div>\n\t\t\t\t\t<\/div>\n\t\t<\/div>\n\t\t\t\t\t<\/div>\n\t\t<\/section>\n\t\t\t\t<section class=\"elementor-section elementor-top-section elementor-element elementor-element-14af4f2 elementor-section-boxed elementor-section-height-default elementor-section-height-default\" data-id=\"14af4f2\" data-element_type=\"section\" data-e-type=\"section\">\n\t\t\t\t\t\t<div class=\"elementor-container elementor-column-gap-default\">\n\t\t\t\t\t<div class=\"aux-parallax-section elementor-column elementor-col-50 elementor-top-column elementor-element elementor-element-f6e2173\" data-id=\"f6e2173\" data-element_type=\"column\" data-e-type=\"column\">\n\t\t\t<div class=\"elementor-widget-wrap elementor-element-populated\">\n\t\t\t\t\t\t<div class=\"elementor-element elementor-element-1b2ca2c elementor-widget elementor-widget-text-editor\" data-id=\"1b2ca2c\" data-element_type=\"widget\" data-e-type=\"widget\" data-widget_type=\"text-editor.default\">\n\t\t\t\t<div class=\"elementor-widget-container\">\n\t\t\t\t\t\t\t\t\t<p>Casa de monta\u00f1a situada en el Valle de Lord (Solson\u00e9s), en el Prepirineo catal\u00e1n, en la provincia de L\u00e9rida.<br \/><br \/>Cal Saragossa est\u00e1 encumbrado en el margen derecho del r\u00edo de Valls, en el peque\u00f1o valle que conforma este r\u00edo, en el t\u00e9rmino municipal de Guixers.<\/p>\t\t\t\t\t\t\t\t<\/div>\n\t\t\t\t<\/div>\n\t\t\t\t<section class=\"elementor-section elementor-inner-section elementor-element elementor-element-63011c7 elementor-section-boxed elementor-section-height-default elementor-section-height-default\" data-id=\"63011c7\" data-element_type=\"section\" data-e-type=\"section\" data-settings=\"{&quot;background_background&quot;:&quot;classic&quot;}\">\n\t\t\t\t\t\t<div class=\"elementor-container elementor-column-gap-default\">\n\t\t\t\t\t<div class=\"aux-parallax-section elementor-column elementor-col-100 elementor-inner-column elementor-element elementor-element-0aa570c\" data-id=\"0aa570c\" data-element_type=\"column\" data-e-type=\"column\">\n\t\t\t<div class=\"elementor-widget-wrap elementor-element-populated\">\n\t\t\t\t\t\t<div class=\"elementor-element elementor-element-d163b4a elementor-widget elementor-widget-text-editor\" data-id=\"d163b4a\" data-element_type=\"widget\" data-e-type=\"widget\" data-widget_type=\"text-editor.default\">\n\t\t\t\t<div class=\"elementor-widget-container\">\n\t\t\t\t\t\t\t\t\t<p><strong>Distancias desde Cal Saragossa a lugares de inter\u00e9s :<\/strong><\/p><p>Hacia Sant Lloren\u00e7 de Morunys :\u00a0<em>5 Km.<br \/><\/em>Hacia Solsona :\u00a0<em>35 Km.<br \/><\/em>Hacia Berga :\u00a0<em>20 Km.<br \/><\/em>Hacia La Seu d&#8217;Urgell :\u00a0<em>60 Km.<br \/><\/em>Hacia Manresa :\u00a0<em>72 Km.<br \/><\/em>Hacia Barcelona :\u00a0<em>129 Km.<br \/><\/em>Hacia Lleida :\u00a0<em>143 Km.<br \/><\/em>Hacia Andorra :\u00a0<em>74 Km.<\/em><\/p>\t\t\t\t\t\t\t\t<\/div>\n\t\t\t\t<\/div>\n\t\t\t\t\t<\/div>\n\t\t<\/div>\n\t\t\t\t\t<\/div>\n\t\t<\/section>\n\t\t\t\t\t<\/div>\n\t\t<\/div>\n\t\t\t\t<div class=\"aux-parallax-section elementor-column elementor-col-50 elementor-top-column elementor-element elementor-element-ddaf447\" data-id=\"ddaf447\" data-element_type=\"column\" data-e-type=\"column\">\n\t\t\t<div class=\"elementor-widget-wrap elementor-element-populated\">\n\t\t\t\t\t\t<div class=\"elementor-element elementor-element-e6dffe4 elementor-widget elementor-widget-text-editor\" data-id=\"e6dffe4\" data-element_type=\"widget\" data-e-type=\"widget\" data-widget_type=\"text-editor.default\">\n\t\t\t\t<div class=\"elementor-widget-container\">\n\t\t\t\t\t\t\t\t\t<iframe src=\"https:\/\/www.google.com\/maps\/embed?pb=!1m14!1m8!1m3!1d15134.633585805097!2d1.6631146083695016!3d42.12375266093418!3m2!1i1024!2i768!4f13.1!3m3!1m2!1s0x12a5bb38d6c94b27%3A0x3028309c283c26d5!2sCal%20Saragossa!5e0!3m2!1sen!2ses!4v1704366939761!5m2!1sen!2ses\" width=\"600\" height=\"450\" style=\"border:0;\" allowfullscreen=\"\" loading=\"lazy\" referrerpolicy=\"no-referrer-when-downgrade\"><\/iframe>\t\t\t\t\t\t\t\t<\/div>\n\t\t\t\t<\/div>\n\t\t\t\t\t<\/div>\n\t\t<\/div>\n\t\t\t\t\t<\/div>\n\t\t<\/section>\n\t\t\t\t<section class=\"elementor-section elementor-top-section elementor-element elementor-element-35c85e0 elementor-section-boxed elementor-section-height-default elementor-section-height-default\" data-id=\"35c85e0\" data-element_type=\"section\" data-e-type=\"section\">\n\t\t\t\t\t\t<div class=\"elementor-container elementor-column-gap-default\">\n\t\t\t\t\t<div class=\"aux-parallax-section elementor-column elementor-col-100 elementor-top-column elementor-element elementor-element-41a0403\" data-id=\"41a0403\" data-element_type=\"column\" data-e-type=\"column\">\n\t\t\t<div class=\"elementor-widget-wrap elementor-element-populated\">\n\t\t\t\t\t\t<div class=\"elementor-element elementor-element-22b2da0 aux-appear-watch-animation aux-fade-in-down elementor-widget elementor-widget-aux_modern_button\" data-id=\"22b2da0\" data-element_type=\"widget\" data-e-type=\"widget\" data-widget_type=\"aux_modern_button.default\">\n\t\t\t\t<div class=\"elementor-widget-container\">\n\t\t\t\t\t    <div class=\"aux-modern-button-wrapper aux-modern-button-align-center\" >\n                    <a class=\"aux-modern-button aux-black aux-modern-button-md aux-modern-button-normal aux-modern-button-default aux-icon-\" href=\"https:\/\/maps.app.goo.gl\/AYDhZVoQh2yRuNnt6\" target=\"_blank\">\n                <div class=\"aux-overlay\"><\/div>\n                                    <div class=\"aux-icon \">\n                                            <\/div>\n                                <div class=\"aux-text\">\n<span class=\"aux-text-before\">Ampliar mapa<\/span>                <\/div>\n            <\/a>\n            \n    <\/div>\n\n    \t\t\t\t<\/div>\n\t\t\t\t<\/div>\n\t\t\t\t\t<\/div>\n\t\t<\/div>\n\t\t\t\t\t<\/div>\n\t\t<\/section>\n\t\t\t\t<\/div>\n\t\t","protected":false},"excerpt":{"rendered":"<p>Cal Saragossa C\u00f3mo llegar Casa de monta\u00f1a situada en el Valle de Lord (Solson\u00e9s), en el Prepirineo catal\u00e1n, en la provincia de L\u00e9rida. Cal Saragossa est\u00e1 encumbrado en el margen derecho del r\u00edo de Valls, en el peque\u00f1o valle que conforma este r\u00edo, en el t\u00e9rmino municipal de Guixers. Distancias desde Cal Saragossa a lugares [&hellip;]<\/p>\n","protected":false},"author":1,"featured_media":0,"parent":0,"menu_order":0,"comment_status":"closed","ping_status":"closed","template":"","meta":{"footnotes":""},"class_list":["post-1230","page","type-page","status-publish","hentry"],"_links":{"self":[{"href":"https:\/\/www.calsaragossa.cat\/es\/wp-json\/wp\/v2\/pages\/1230","targetHints":{"allow":["GET"]}}],"collection":[{"href":"https:\/\/www.calsaragossa.cat\/es\/wp-json\/wp\/v2\/pages"}],"about":[{"href":"https:\/\/www.calsaragossa.cat\/es\/wp-json\/wp\/v2\/types\/page"}],"author":[{"embeddable":true,"href":"https:\/\/www.calsaragossa.cat\/es\/wp-json\/wp\/v2\/users\/1"}],"replies":[{"embeddable":true,"href":"https:\/\/www.calsaragossa.cat\/es\/wp-json\/wp\/v2\/comments?post=1230"}],"version-history":[{"count":12,"href":"https:\/\/www.calsaragossa.cat\/es\/wp-json\/wp\/v2\/pages\/1230\/revisions"}],"predecessor-version":[{"id":1926,"href":"https:\/\/www.calsaragossa.cat\/es\/wp-json\/wp\/v2\/pages\/1230\/revisions\/1926"}],"wp:attachment":[{"href":"https:\/\/www.calsaragossa.cat\/es\/wp-json\/wp\/v2\/media?parent=1230"}],"curies":[{"name":"wp","href":"https:\/\/api.w.org\/{rel}","templated":true}]}}