{"id":1209,"date":"2020-11-10T16:13:00","date_gmt":"2020-11-10T14:13:00","guid":{"rendered":"https:\/\/www.calsaragossa.cat\/home\/"},"modified":"2024-02-21T14:09:51","modified_gmt":"2024-02-21T12:09:51","slug":"home","status":"publish","type":"page","link":"https:\/\/www.calsaragossa.cat\/fr\/","title":{"rendered":"Home"},"content":{"rendered":"\t\t<div data-elementor-type=\"wp-page\" data-elementor-id=\"1209\" class=\"elementor elementor-1209\">\n\t\t\t\t\t\t<section class=\"elementor-section elementor-top-section elementor-element elementor-element-df549fe elementor-section-boxed elementor-section-height-default elementor-section-height-default\" data-id=\"df549fe\" data-element_type=\"section\" data-e-type=\"section\" data-settings=\"{&quot;background_background&quot;:&quot;slideshow&quot;,&quot;background_slideshow_gallery&quot;:[{&quot;id&quot;:114,&quot;url&quot;:&quot;https:\\\/\\\/www.calsaragossa.cat\\\/wp-content\\\/uploads\\\/2024\\\/01\\\/slide1.jpg&quot;},{&quot;id&quot;:116,&quot;url&quot;:&quot;https:\\\/\\\/www.calsaragossa.cat\\\/wp-content\\\/uploads\\\/2024\\\/01\\\/slide2.jpg&quot;},{&quot;id&quot;:117,&quot;url&quot;:&quot;https:\\\/\\\/www.calsaragossa.cat\\\/wp-content\\\/uploads\\\/2024\\\/01\\\/slide2b.jpg&quot;}],&quot;background_slideshow_loop&quot;:&quot;yes&quot;,&quot;background_slideshow_slide_duration&quot;:5000,&quot;background_slideshow_slide_transition&quot;:&quot;fade&quot;,&quot;background_slideshow_transition_duration&quot;:500}\">\n\t\t\t\t\t\t\t<div class=\"elementor-background-overlay\"><\/div>\n\t\t\t\t\t\t\t<div class=\"elementor-container elementor-column-gap-no\">\n\t\t\t\t\t<div class=\"aux-parallax-section elementor-column elementor-col-100 elementor-top-column elementor-element elementor-element-338fde6\" data-id=\"338fde6\" data-element_type=\"column\" data-e-type=\"column\">\n\t\t\t<div class=\"elementor-widget-wrap elementor-element-populated\">\n\t\t\t\t\t\t<div class=\"elementor-element elementor-element-e8e44ed aux-appear-watch-animation aux-scale-down elementor-widget elementor-widget-aux_modern_heading\" data-id=\"e8e44ed\" data-element_type=\"widget\" data-e-type=\"widget\" data-widget_type=\"aux_modern_heading.default\">\n\t\t\t\t<div class=\"elementor-widget-container\">\n\t\t\t\t\t<section class=\"aux-widget-modern-heading\">\n            <div class=\"aux-widget-inner\"><h1 class=\"aux-modern-heading-primary\"> Cal Saragossa<\/h1><div class=\"aux-modern-heading-description\"><p>La maison se trouve \u00e0 850 m. d'altitude dans la commune de\u00a0<strong>Guixers<\/strong>\u00a0(Solson\u00e9s), dans un lieu privil\u00e9gi\u00e9, la zone de l'Espace D'Int\u00e9r\u00eat Naturel (PEIN) de Busa-Bastets-Lord.<\/p><\/div><\/div>\n        <\/section>\t\t\t\t<\/div>\n\t\t\t\t<\/div>\n\t\t\t\t<section class=\"elementor-section elementor-inner-section elementor-element elementor-element-a0b7d3a elementor-section-boxed elementor-section-height-default elementor-section-height-default\" data-id=\"a0b7d3a\" data-element_type=\"section\" data-e-type=\"section\">\n\t\t\t\t\t\t<div class=\"elementor-container elementor-column-gap-no\">\n\t\t\t\t\t<div class=\"aux-parallax-section elementor-column elementor-col-100 elementor-inner-column elementor-element elementor-element-10d8925\" data-id=\"10d8925\" data-element_type=\"column\" data-e-type=\"column\">\n\t\t\t<div class=\"elementor-widget-wrap elementor-element-populated\">\n\t\t\t\t\t\t<div class=\"elementor-element elementor-element-7822a70 elementor-widget__width-auto aux-appear-watch-animation aux-fade-in-left-1 elementor-widget elementor-widget-aux_modern_button\" data-id=\"7822a70\" data-element_type=\"widget\" data-e-type=\"widget\" data-widget_type=\"aux_modern_button.default\">\n\t\t\t\t<div class=\"elementor-widget-container\">\n\t\t\t\t\t    <div class=\"aux-modern-button-wrapper aux-modern-button-align-left\" >\n                    <a class=\"aux-modern-button aux-black aux-modern-button-md aux-modern-button-normal aux-modern-button-default aux-icon-\" href=\"https:\/\/www.calsaragossa.cat\/lacasa\/\">\n                <div class=\"aux-overlay\"><\/div>\n                                    <div class=\"aux-icon \">\n                                            <\/div>\n                                <div class=\"aux-text\">\n<span class=\"aux-text-before\">la maison <\/span>                <\/div>\n            <\/a>\n            \n    <\/div>\n\n    \t\t\t\t<\/div>\n\t\t\t\t<\/div>\n\t\t\t\t<div class=\"elementor-element elementor-element-4e1d25e elementor-widget__width-auto aux-appear-watch-animation aux-fade-in-right-1 elementor-widget elementor-widget-aux_modern_button\" data-id=\"4e1d25e\" data-element_type=\"widget\" data-e-type=\"widget\" data-widget_type=\"aux_modern_button.default\">\n\t\t\t\t<div class=\"elementor-widget-container\">\n\t\t\t\t\t    <div class=\"aux-modern-button-wrapper aux-modern-button-align-right\" >\n                    <a class=\"aux-modern-button aux-black aux-modern-button-md aux-modern-button-normal aux-modern-button-default aux-icon-\" href=\"https:\/\/www.calsaragossa.cat\/reserves\/\">\n                <div class=\"aux-overlay\"><\/div>\n                                    <div class=\"aux-icon \">\n                                            <\/div>\n                                <div class=\"aux-text\">\n<span class=\"aux-text-before\">R\u00e9servations <\/span>                <\/div>\n            <\/a>\n            \n    <\/div>\n\n    \t\t\t\t<\/div>\n\t\t\t\t<\/div>\n\t\t\t\t\t<\/div>\n\t\t<\/div>\n\t\t\t\t\t<\/div>\n\t\t<\/section>\n\t\t\t\t\t<\/div>\n\t\t<\/div>\n\t\t\t\t\t<\/div>\n\t\t<\/section>\n\t\t\t\t<section class=\"elementor-section elementor-top-section elementor-element elementor-element-6ee4c42 elementor-section-boxed elementor-section-height-default elementor-section-height-default\" data-id=\"6ee4c42\" data-element_type=\"section\" data-e-type=\"section\">\n\t\t\t\t\t\t<div class=\"elementor-container elementor-column-gap-no\">\n\t\t\t\t\t<div class=\"aux-parallax-section elementor-column elementor-col-25 elementor-top-column elementor-element elementor-element-37b2474\" data-id=\"37b2474\" data-element_type=\"column\" data-e-type=\"column\">\n\t\t\t<div class=\"elementor-widget-wrap elementor-element-populated\">\n\t\t\t\t\t\t<div class=\"elementor-element elementor-element-b679398 aux-appear-watch-animation aux-fade-in-right-1 elementor-widget elementor-widget-heading\" data-id=\"b679398\" data-element_type=\"widget\" data-e-type=\"widget\" data-widget_type=\"heading.default\">\n\t\t\t\t<div class=\"elementor-widget-container\">\n\t\t\t\t\t<h5 class=\"elementor-heading-title elementor-size-default\">Cal Saragossa<\/h5>\t\t\t\t<\/div>\n\t\t\t\t<\/div>\n\t\t\t\t<div class=\"elementor-element elementor-element-48f932c title aux-appear-watch-animation aux-fade-in-up elementor-widget elementor-widget-aux_modern_heading\" data-id=\"48f932c\" data-element_type=\"widget\" data-e-type=\"widget\" data-widget_type=\"aux_modern_heading.default\">\n\t\t\t\t<div class=\"elementor-widget-container\">\n\t\t\t\t\t<section class=\"aux-widget-modern-heading\">\n            <div class=\"aux-widget-inner\"><h2 class=\"aux-modern-heading-primary\">La maison <\/h2><div class=\"aux-modern-heading-description\"><p>La maison se trouve \u00e0 850 m. d'altitude dans la commune de\u00a0<strong>Guixers<\/strong>\u00a0(Solson\u00e9s), dans un lieu privil\u00e9gi\u00e9, la zone de l'Espace D'Int\u00e9r\u00eat Naturel (PEIN) de Busa-Bastets-Lord.<\/p><p>Situ\u00e9e dans la\u00a0<strong>vall\u00e9e de Lord<\/strong>, dans les Pr\u00e9pyr\u00e9n\u00e9es catalanes, c'est un lieu id\u00e9al pour les amoureux de la nature et de la tranquillit\u00e9, ainsi que pour tous ceux qui aiment le ski, l'excursionnisme, la randonn\u00e9e p\u00e9destre, les sports aquatiques, les parcours VTT, l'escalade, la sp\u00e9l\u00e9ologie, la mycologie ou simplement se promener paisiblement en contemplant le merveilleux paysage de la zone.<\/p><\/div><\/div>\n        <\/section>\t\t\t\t<\/div>\n\t\t\t\t<\/div>\n\t\t\t\t<div class=\"elementor-element elementor-element-4e4f6e4 elementor-widget__width-auto aux-appear-watch-animation aux-fade-in-down elementor-widget elementor-widget-aux_modern_button\" data-id=\"4e4f6e4\" data-element_type=\"widget\" data-e-type=\"widget\" data-widget_type=\"aux_modern_button.default\">\n\t\t\t\t<div class=\"elementor-widget-container\">\n\t\t\t\t\t    <div class=\"aux-modern-button-wrapper aux-modern-button-align-right\" >\n                    <a class=\"aux-modern-button aux-black aux-modern-button-md aux-modern-button-normal aux-modern-button-default aux-icon-\" href=\"https:\/\/www.calsaragossa.cat\/lacasa\/\">\n                <div class=\"aux-overlay\"><\/div>\n                                    <div class=\"aux-icon \">\n                                            <\/div>\n                                <div class=\"aux-text\">\n<span class=\"aux-text-before\">Plus d'information<\/span>                <\/div>\n            <\/a>\n            \n    <\/div>\n\n    \t\t\t\t<\/div>\n\t\t\t\t<\/div>\n\t\t\t\t\t<\/div>\n\t\t<\/div>\n\t\t\t\t<div class=\"aux-parallax-section elementor-column elementor-col-25 elementor-top-column elementor-element elementor-element-5c7ef13\" data-id=\"5c7ef13\" data-element_type=\"column\" data-e-type=\"column\">\n\t\t\t<div class=\"elementor-widget-wrap elementor-element-populated\">\n\t\t\t\t\t\t<div class=\"aux-scroll-anim elementor-element elementor-element-24cc2d7 elementor-widget elementor-widget-aux_image\" data-move-in=\"moveVertical\" data-move-out=\"moveVertical\" data-axis-x=\"200\" data-axis-y=\"40\" data-rotate=\"90\" data-scale=\"1\" data-vp-top=\"0.5\" data-vp-bot=\"0.5\" data-el-top=\"0.2\" data-scroll-animation-off=\"1024\" data-id=\"24cc2d7\" data-element_type=\"widget\" data-e-type=\"widget\" data-widget_type=\"aux_image.default\">\n\t\t\t\t<div class=\"elementor-widget-container\">\n\t\t\t\t\t<section class=\"widget-container aux-widget-image aux-alignnone aux-parent-au2e49c49d\">\n    <div class=\"aux-media-hint-frame \">\n        <div class=\"aux-media-image \" >\n        \n            \n\n            \n            <img fetchpriority=\"high\" decoding=\"async\" width=\"533\" height=\"803\" src=\"https:\/\/www.calsaragossa.cat\/wp-content\/uploads\/2024\/01\/casa5.jpg\" class=\"aux-attachment aux-featured-image aux-attachment-id-299\" alt=\"casa5\" srcset=\"https:\/\/www.calsaragossa.cat\/wp-content\/uploads\/2024\/01\/casa5-150x150.jpg 150w,https:\/\/www.calsaragossa.cat\/wp-content\/uploads\/2024\/01\/casa5-300x300.jpg 300w,https:\/\/www.calsaragossa.cat\/wp-content\/uploads\/2024\/01\/casa5.jpg 533w\" data-ratio=\"1\" data-original-w=\"533\" sizes=\"(max-width:479px) 480px,(max-width:767px) 768px,(max-width:1023px) 1024px,533px\" \/>            \n                <\/div>\n    <\/div>\n\n<\/section><!-- widget-container -->\t\t\t\t<\/div>\n\t\t\t\t<\/div>\n\t\t\t\t\t<\/div>\n\t\t<\/div>\n\t\t\t\t<div class=\"aux-parallax-section elementor-column elementor-col-25 elementor-top-column elementor-element elementor-element-67123e3\" data-id=\"67123e3\" data-element_type=\"column\" data-e-type=\"column\">\n\t\t\t<div class=\"elementor-widget-wrap elementor-element-populated\">\n\t\t\t\t\t\t<div class=\"aux-scroll-anim elementor-element elementor-element-f8f6d54 elementor-widget elementor-widget-aux_image\" data-move-in=\"moveVertical\" data-move-out=\"moveVertical\" data-axis-x=\"40\" data-axis-y=\"-40\" data-rotate=\"90\" data-scale=\"1\" data-vp-top=\"0.5\" data-vp-bot=\"0.5\" data-el-top=\"0.2\" data-scroll-animation-off=\"1024\" data-id=\"f8f6d54\" data-element_type=\"widget\" data-e-type=\"widget\" data-widget_type=\"aux_image.default\">\n\t\t\t\t<div class=\"elementor-widget-container\">\n\t\t\t\t\t<section class=\"widget-container aux-widget-image aux-alignnone aux-parent-au5f0e03dc\">\n    <div class=\"aux-media-hint-frame \">\n        <div class=\"aux-media-image \" >\n        \n            \n\n            \n            <img decoding=\"async\" width=\"533\" height=\"803\" src=\"https:\/\/www.calsaragossa.cat\/wp-content\/uploads\/2024\/01\/casa4-1.jpg\" class=\"aux-attachment aux-featured-image aux-attachment-id-295\" alt=\"casa4\" srcset=\"https:\/\/www.calsaragossa.cat\/wp-content\/uploads\/2024\/01\/casa4-1-150x150.jpg 150w,https:\/\/www.calsaragossa.cat\/wp-content\/uploads\/2024\/01\/casa4-1-300x300.jpg 300w,https:\/\/www.calsaragossa.cat\/wp-content\/uploads\/2024\/01\/casa4-1.jpg 533w\" data-ratio=\"1\" data-original-w=\"533\" sizes=\"(max-width:479px) 480px,(max-width:767px) 768px,(max-width:1023px) 1024px,533px\" \/>            \n                <\/div>\n    <\/div>\n\n<\/section><!-- widget-container -->\t\t\t\t<\/div>\n\t\t\t\t<\/div>\n\t\t\t\t\t<\/div>\n\t\t<\/div>\n\t\t\t\t<div class=\"aux-parallax-section elementor-column elementor-col-25 elementor-top-column elementor-element elementor-element-65235cd\" data-id=\"65235cd\" data-element_type=\"column\" data-e-type=\"column\">\n\t\t\t<div class=\"elementor-widget-wrap elementor-element-populated\">\n\t\t\t\t\t\t<div class=\"aux-scroll-anim elementor-element elementor-element-cbb4348 elementor-widget elementor-widget-aux_image\" data-move-in=\"moveVertical\" data-move-out=\"moveVertical\" data-axis-x=\"200\" data-axis-y=\"6\" data-rotate=\"90\" data-scale=\"1\" data-vp-top=\"0.5\" data-vp-bot=\"0.5\" data-el-top=\"0.2\" data-scroll-animation-off=\"1024\" data-id=\"cbb4348\" data-element_type=\"widget\" data-e-type=\"widget\" data-widget_type=\"aux_image.default\">\n\t\t\t\t<div class=\"elementor-widget-container\">\n\t\t\t\t\t<section class=\"widget-container aux-widget-image aux-alignnone aux-parent-au1999ece8\">\n    <div class=\"aux-media-hint-frame \">\n        <div class=\"aux-media-image \" >\n        \n            \n\n            \n            <img decoding=\"async\" width=\"533\" height=\"803\" src=\"https:\/\/www.calsaragossa.cat\/wp-content\/uploads\/2024\/01\/casa2.jpg\" class=\"aux-attachment aux-featured-image aux-attachment-id-279\" alt=\"casa2\" srcset=\"https:\/\/www.calsaragossa.cat\/wp-content\/uploads\/2024\/01\/casa2-150x150.jpg 150w,https:\/\/www.calsaragossa.cat\/wp-content\/uploads\/2024\/01\/casa2-300x300.jpg 300w,https:\/\/www.calsaragossa.cat\/wp-content\/uploads\/2024\/01\/casa2.jpg 533w\" data-ratio=\"1\" data-original-w=\"533\" sizes=\"(max-width:479px) 480px,(max-width:767px) 768px,(max-width:1023px) 1024px,533px\" \/>            \n                <\/div>\n    <\/div>\n\n<\/section><!-- widget-container -->\t\t\t\t<\/div>\n\t\t\t\t<\/div>\n\t\t\t\t\t<\/div>\n\t\t<\/div>\n\t\t\t\t\t<\/div>\n\t\t<\/section>\n\t\t\t\t<section class=\"elementor-section elementor-top-section elementor-element elementor-element-3196f17 elementor-section-boxed elementor-section-height-default elementor-section-height-default\" data-id=\"3196f17\" data-element_type=\"section\" data-e-type=\"section\" data-settings=\"{&quot;background_background&quot;:&quot;classic&quot;}\">\n\t\t\t\t\t\t<div class=\"elementor-container elementor-column-gap-no\">\n\t\t\t\t\t<div class=\"aux-parallax-section elementor-column elementor-col-100 elementor-top-column elementor-element elementor-element-98c0870\" data-id=\"98c0870\" data-element_type=\"column\" data-e-type=\"column\">\n\t\t\t<div class=\"elementor-widget-wrap elementor-element-populated\">\n\t\t\t\t\t\t<div class=\"elementor-element elementor-element-2dffdb3 aux-appear-watch-animation aux-fade-in-down elementor-widget elementor-widget-heading\" data-id=\"2dffdb3\" data-element_type=\"widget\" data-e-type=\"widget\" data-widget_type=\"heading.default\">\n\t\t\t\t<div class=\"elementor-widget-container\">\n\t\t\t\t\t<h5 class=\"elementor-heading-title elementor-size-default\">Notres<\/h5>\t\t\t\t<\/div>\n\t\t\t\t<\/div>\n\t\t\t\t<div class=\"elementor-element elementor-element-1854704 aux-appear-watch-animation aux-fade-in-up-1 elementor-widget elementor-widget-heading\" data-id=\"1854704\" data-element_type=\"widget\" data-e-type=\"widget\" data-widget_type=\"heading.default\">\n\t\t\t\t<div class=\"elementor-widget-container\">\n\t\t\t\t\t<h2 class=\"elementor-heading-title elementor-size-default\">Promotions<\/h2>\t\t\t\t<\/div>\n\t\t\t\t<\/div>\n\t\t\t\t\t<\/div>\n\t\t<\/div>\n\t\t\t\t\t<\/div>\n\t\t<\/section>\n\t\t\t\t<section class=\"elementor-section elementor-top-section elementor-element elementor-element-958917e elementor-section-boxed elementor-section-height-default elementor-section-height-default\" data-id=\"958917e\" data-element_type=\"section\" data-e-type=\"section\" data-settings=\"{&quot;background_background&quot;:&quot;classic&quot;}\">\n\t\t\t\t\t\t<div class=\"elementor-container elementor-column-gap-no\">\n\t\t\t\t\t<div class=\"aux-parallax-section elementor-column elementor-col-50 elementor-top-column elementor-element elementor-element-d28eed5 main-post aux-appear-watch-animation aux-fade-in-left\" data-id=\"d28eed5\" data-element_type=\"column\" data-e-type=\"column\" data-settings=\"{&quot;background_background&quot;:&quot;classic&quot;}\">\n\t\t\t<div class=\"elementor-widget-wrap elementor-element-populated\">\n\t\t\t\t\t<div class=\"elementor-background-overlay\"><\/div>\n\t\t\t\t\t\t<div class=\"elementor-element elementor-element-185c414 elementor-widget elementor-widget-text-editor\" data-id=\"185c414\" data-element_type=\"widget\" data-e-type=\"widget\" data-widget_type=\"text-editor.default\">\n\t\t\t\t<div class=\"elementor-widget-container\">\n\t\t\t\t\t\t\t\t\tNuit extra gratuite\t\t\t\t\t\t\t\t<\/div>\n\t\t\t\t<\/div>\n\t\t\t\t<div class=\"elementor-element elementor-element-cdf2925 elementor-widget elementor-widget-text-editor\" data-id=\"cdf2925\" data-element_type=\"widget\" data-e-type=\"widget\" data-widget_type=\"text-editor.default\">\n\t\t\t\t<div class=\"elementor-widget-container\">\n\t\t\t\t\t\t\t\t\t<p>Nous vous offrons une nuit gratuite du dimanche au lundi lors de la location d&rsquo;un week-end entre mai et septembre, avec un d\u00e9part au plus tard \u00e0 8h30. Cette offre est valable uniquement sur demande de disponibilit\u00e9.<\/p>\t\t\t\t\t\t\t\t<\/div>\n\t\t\t\t<\/div>\n\t\t\t\t\t<\/div>\n\t\t<\/div>\n\t\t\t\t<div class=\"aux-parallax-section elementor-column elementor-col-50 elementor-top-column elementor-element elementor-element-2c4bd61 aux-appear-watch-animation aux-fade-in-right\" data-id=\"2c4bd61\" data-element_type=\"column\" data-e-type=\"column\">\n\t\t\t<div class=\"elementor-widget-wrap elementor-element-populated\">\n\t\t\t\t\t\t<section class=\"elementor-section elementor-inner-section elementor-element elementor-element-55cf65e elementor-section-boxed elementor-section-height-default elementor-section-height-default\" data-id=\"55cf65e\" data-element_type=\"section\" data-e-type=\"section\">\n\t\t\t\t\t\t<div class=\"elementor-container elementor-column-gap-default\">\n\t\t\t\t\t<div class=\"aux-parallax-section elementor-column elementor-col-50 elementor-inner-column elementor-element elementor-element-f01d36c\" data-id=\"f01d36c\" data-element_type=\"column\" data-e-type=\"column\">\n\t\t\t<div class=\"elementor-widget-wrap elementor-element-populated\">\n\t\t\t\t\t\t<div class=\"elementor-element elementor-element-142cb88 elementor-widget elementor-widget-image\" data-id=\"142cb88\" data-element_type=\"widget\" data-e-type=\"widget\" data-widget_type=\"image.default\">\n\t\t\t\t<div class=\"elementor-widget-container\">\n\t\t\t\t\t\t\t\t\t\t\t\t\t\t\t<img loading=\"lazy\" decoding=\"async\" width=\"381\" height=\"256\" src=\"https:\/\/www.calsaragossa.cat\/wp-content\/uploads\/2024\/01\/excursio-1.jpg\" class=\"attachment-large size-large wp-image-235\" alt=\"\" srcset=\"https:\/\/www.calsaragossa.cat\/wp-content\/uploads\/2024\/01\/excursio-1.jpg 381w, https:\/\/www.calsaragossa.cat\/wp-content\/uploads\/2024\/01\/excursio-1-200x134.jpg 200w\" sizes=\"(max-width: 381px) 100vw, 381px\" \/>\t\t\t\t\t\t\t\t\t\t\t\t\t\t\t<\/div>\n\t\t\t\t<\/div>\n\t\t\t\t<div class=\"elementor-element elementor-element-93a2477 elementor-widget elementor-widget-text-editor\" data-id=\"93a2477\" data-element_type=\"widget\" data-e-type=\"widget\" data-widget_type=\"text-editor.default\">\n\t\t\t\t<div class=\"elementor-widget-container\">\n\t\t\t\t\t\t\t\t\t10% de r\u00e9duction sur les activit\u00e9s d\u2019aventure\t\t\t\t\t\t\t\t<\/div>\n\t\t\t\t<\/div>\n\t\t\t\t<div class=\"elementor-element elementor-element-e44127a verd elementor-widget elementor-widget-text-editor\" data-id=\"e44127a\" data-element_type=\"widget\" data-e-type=\"widget\" data-widget_type=\"text-editor.default\">\n\t\t\t\t<div class=\"elementor-widget-container\">\n\t\t\t\t\t\t\t\t\t<p>Nous offrons un kayak gratuit pour 2 personnes aux clients qui louent la maison pour toute la dur\u00e9e de leur s\u00e9jour.<br \/><br \/><a href=\"http:\/\/www.guiescingles.cat\" target=\"_blank\" rel=\"noopener\">www.guiescingles.cat<\/a><br \/><a href=\"http:\/\/www.kayakk1.com\" target=\"_blank\" rel=\"noopener\">www.kayakk1.com<\/a><\/p>\t\t\t\t\t\t\t\t<\/div>\n\t\t\t\t<\/div>\n\t\t\t\t\t<\/div>\n\t\t<\/div>\n\t\t\t\t<div class=\"aux-parallax-section elementor-column elementor-col-50 elementor-inner-column elementor-element elementor-element-8e4a051\" data-id=\"8e4a051\" data-element_type=\"column\" data-e-type=\"column\">\n\t\t\t<div class=\"elementor-widget-wrap elementor-element-populated\">\n\t\t\t\t\t\t<div class=\"elementor-element elementor-element-d80dd12 elementor-widget elementor-widget-image\" data-id=\"d80dd12\" data-element_type=\"widget\" data-e-type=\"widget\" data-widget_type=\"image.default\">\n\t\t\t\t<div class=\"elementor-widget-container\">\n\t\t\t\t\t\t\t\t\t\t\t\t\t\t\t<img loading=\"lazy\" decoding=\"async\" width=\"1024\" height=\"693\" src=\"https:\/\/www.calsaragossa.cat\/wp-content\/uploads\/2020\/11\/2674674-1.png\" class=\"attachment-large size-large wp-image-24\" alt=\"\" srcset=\"https:\/\/www.calsaragossa.cat\/wp-content\/uploads\/2020\/11\/2674674-1.png 1400w, https:\/\/www.calsaragossa.cat\/wp-content\/uploads\/2020\/11\/2674674-1-600x406.png 600w\" sizes=\"(max-width: 1024px) 100vw, 1024px\" \/>\t\t\t\t\t\t\t\t\t\t\t\t\t\t\t<\/div>\n\t\t\t\t<\/div>\n\t\t\t\t<div class=\"elementor-element elementor-element-cbe5cea elementor-widget elementor-widget-text-editor\" data-id=\"cbe5cea\" data-element_type=\"widget\" data-e-type=\"widget\" data-widget_type=\"text-editor.default\">\n\t\t\t\t<div class=\"elementor-widget-container\">\n\t\t\t\t\t\t\t\t\tCadeau d&rsquo;un assortiment de produits locaux\t\t\t\t\t\t\t\t<\/div>\n\t\t\t\t<\/div>\n\t\t\t\t<div class=\"elementor-element elementor-element-f890e64 elementor-widget elementor-widget-text-editor\" data-id=\"f890e64\" data-element_type=\"widget\" data-e-type=\"widget\" data-widget_type=\"text-editor.default\">\n\t\t\t\t<div class=\"elementor-widget-container\">\n\t\t\t\t\t\t\t\t\tCadeau d&rsquo;un assortiment de produits locaux pour la location de la maison lors d&rsquo;un week-end d&rsquo;au moins 8 personnes.\t\t\t\t\t\t\t\t<\/div>\n\t\t\t\t<\/div>\n\t\t\t\t\t<\/div>\n\t\t<\/div>\n\t\t\t\t\t<\/div>\n\t\t<\/section>\n\t\t\t\t\t<\/div>\n\t\t<\/div>\n\t\t\t\t\t<\/div>\n\t\t<\/section>\n\t\t\t\t<\/div>\n\t\t","protected":false},"excerpt":{"rendered":"<p>Cal Saragossa La maison se trouve \u00e0 850 m. d&rsquo;altitude dans la commune de\u00a0Guixers\u00a0(Solson\u00e9s), dans un lieu privil\u00e9gi\u00e9, la zone de l&rsquo;Espace D&rsquo;Int\u00e9r\u00eat Naturel (PEIN) de Busa-Bastets-Lord. la maison R\u00e9servations Cal Saragossa La maison La maison se trouve \u00e0 850 m. d&rsquo;altitude dans la commune de\u00a0Guixers\u00a0(Solson\u00e9s), dans un lieu privil\u00e9gi\u00e9, la zone de l&rsquo;Espace D&rsquo;Int\u00e9r\u00eat [&hellip;]<\/p>\n","protected":false},"author":1,"featured_media":0,"parent":0,"menu_order":0,"comment_status":"closed","ping_status":"closed","template":"","meta":{"footnotes":""},"class_list":["post-1209","page","type-page","status-publish","hentry"],"_links":{"self":[{"href":"https:\/\/www.calsaragossa.cat\/fr\/wp-json\/wp\/v2\/pages\/1209","targetHints":{"allow":["GET"]}}],"collection":[{"href":"https:\/\/www.calsaragossa.cat\/fr\/wp-json\/wp\/v2\/pages"}],"about":[{"href":"https:\/\/www.calsaragossa.cat\/fr\/wp-json\/wp\/v2\/types\/page"}],"author":[{"embeddable":true,"href":"https:\/\/www.calsaragossa.cat\/fr\/wp-json\/wp\/v2\/users\/1"}],"replies":[{"embeddable":true,"href":"https:\/\/www.calsaragossa.cat\/fr\/wp-json\/wp\/v2\/comments?post=1209"}],"version-history":[{"count":10,"href":"https:\/\/www.calsaragossa.cat\/fr\/wp-json\/wp\/v2\/pages\/1209\/revisions"}],"predecessor-version":[{"id":1770,"href":"https:\/\/www.calsaragossa.cat\/fr\/wp-json\/wp\/v2\/pages\/1209\/revisions\/1770"}],"wp:attachment":[{"href":"https:\/\/www.calsaragossa.cat\/fr\/wp-json\/wp\/v2\/media?parent=1209"}],"curies":[{"name":"wp","href":"https:\/\/api.w.org\/{rel}","templated":true}]}}