{"id":1219,"date":"2024-01-03T11:31:58","date_gmt":"2024-01-03T09:31:58","guid":{"rendered":"https:\/\/www.calsaragossa.cat\/activitats\/"},"modified":"2024-04-02T15:35:53","modified_gmt":"2024-04-02T13:35:53","slug":"activitats","status":"publish","type":"page","link":"https:\/\/www.calsaragossa.cat\/fr\/activitats\/","title":{"rendered":"Activit\u00e9s"},"content":{"rendered":"\t\t<div data-elementor-type=\"wp-page\" data-elementor-id=\"1219\" class=\"elementor elementor-1219\">\n\t\t\t\t\t\t<section class=\"elementor-section elementor-top-section elementor-element elementor-element-bd4a7c7 elementor-section-boxed elementor-section-height-default elementor-section-height-default\" data-id=\"bd4a7c7\" data-element_type=\"section\" data-e-type=\"section\" data-settings=\"{&quot;background_background&quot;:&quot;classic&quot;}\">\n\t\t\t\t\t\t<div class=\"elementor-container elementor-column-gap-no\">\n\t\t\t\t\t<div class=\"aux-parallax-section elementor-column elementor-col-100 elementor-top-column elementor-element elementor-element-40e0c99\" data-id=\"40e0c99\" data-element_type=\"column\" data-e-type=\"column\">\n\t\t\t<div class=\"elementor-widget-wrap elementor-element-populated\">\n\t\t\t\t\t\t<div class=\"elementor-element elementor-element-5fa7274 aux-appear-watch-animation aux-fade-in-down elementor-widget elementor-widget-heading\" data-id=\"5fa7274\" data-element_type=\"widget\" data-e-type=\"widget\" data-widget_type=\"heading.default\">\n\t\t\t\t<div class=\"elementor-widget-container\">\n\t\t\t\t\t<h5 class=\"elementor-heading-title elementor-size-default\">Cal Saragossa<\/h5>\t\t\t\t<\/div>\n\t\t\t\t<\/div>\n\t\t\t\t<div class=\"elementor-element elementor-element-b1284b5 aux-appear-watch-animation aux-fade-in-up-1 elementor-widget elementor-widget-heading\" data-id=\"b1284b5\" data-element_type=\"widget\" data-e-type=\"widget\" data-widget_type=\"heading.default\">\n\t\t\t\t<div class=\"elementor-widget-container\">\n\t\t\t\t\t<h2 class=\"elementor-heading-title elementor-size-default\">Activit\u00e9s <\/h2>\t\t\t\t<\/div>\n\t\t\t\t<\/div>\n\t\t\t\t\t<\/div>\n\t\t<\/div>\n\t\t\t\t\t<\/div>\n\t\t<\/section>\n\t\t\t\t<section class=\"elementor-section elementor-top-section elementor-element elementor-element-f9d847a elementor-section-boxed elementor-section-height-default elementor-section-height-default\" data-id=\"f9d847a\" data-element_type=\"section\" data-e-type=\"section\">\n\t\t\t\t\t\t<div class=\"elementor-container elementor-column-gap-default\">\n\t\t\t\t\t<div class=\"aux-parallax-section elementor-column elementor-col-50 elementor-top-column elementor-element elementor-element-7edbc84\" data-id=\"7edbc84\" data-element_type=\"column\" data-e-type=\"column\">\n\t\t\t<div class=\"elementor-widget-wrap\">\n\t\t\t\t\t\t\t<\/div>\n\t\t<\/div>\n\t\t\t\t<div class=\"aux-parallax-section elementor-column elementor-col-50 elementor-top-column elementor-element elementor-element-605f36a\" data-id=\"605f36a\" data-element_type=\"column\" data-e-type=\"column\">\n\t\t\t<div class=\"elementor-widget-wrap\">\n\t\t\t\t\t\t\t<\/div>\n\t\t<\/div>\n\t\t\t\t\t<\/div>\n\t\t<\/section>\n\t\t\t\t<section class=\"elementor-section elementor-top-section elementor-element elementor-element-31612d2 elementor-section-boxed elementor-section-height-default elementor-section-height-default\" data-id=\"31612d2\" data-element_type=\"section\" data-e-type=\"section\">\n\t\t\t\t\t\t<div class=\"elementor-container elementor-column-gap-default\">\n\t\t\t\t\t<div class=\"aux-parallax-section elementor-column elementor-col-50 elementor-top-column elementor-element elementor-element-bc917fe\" data-id=\"bc917fe\" data-element_type=\"column\" data-e-type=\"column\">\n\t\t\t<div class=\"elementor-widget-wrap elementor-element-populated\">\n\t\t\t\t\t\t<div class=\"elementor-element elementor-element-5a51e2a elementor-widget elementor-widget-image\" data-id=\"5a51e2a\" data-element_type=\"widget\" data-e-type=\"widget\" data-widget_type=\"image.default\">\n\t\t\t\t<div class=\"elementor-widget-container\">\n\t\t\t\t\t\t\t\t\t\t\t\t\t\t\t<img decoding=\"async\" width=\"250\" height=\"56\" src=\"https:\/\/www.calsaragossa.cat\/wp-content\/uploads\/2024\/01\/logo-relleus.png\" class=\"attachment-large size-large wp-image-620\" alt=\"\" srcset=\"https:\/\/www.calsaragossa.cat\/wp-content\/uploads\/2024\/01\/logo-relleus.png 250w, https:\/\/www.calsaragossa.cat\/wp-content\/uploads\/2024\/01\/logo-relleus-200x45.png 200w\" sizes=\"(max-width: 250px) 100vw, 250px\" \/>\t\t\t\t\t\t\t\t\t\t\t\t\t\t\t<\/div>\n\t\t\t\t<\/div>\n\t\t\t\t\t<\/div>\n\t\t<\/div>\n\t\t\t\t<div class=\"aux-parallax-section elementor-column elementor-col-50 elementor-top-column elementor-element elementor-element-4358c98\" data-id=\"4358c98\" data-element_type=\"column\" data-e-type=\"column\">\n\t\t\t<div class=\"elementor-widget-wrap elementor-element-populated\">\n\t\t\t\t\t\t<div class=\"elementor-element elementor-element-94bc40e elementor-widget elementor-widget-heading\" data-id=\"94bc40e\" data-element_type=\"widget\" data-e-type=\"widget\" data-widget_type=\"heading.default\">\n\t\t\t\t<div class=\"elementor-widget-container\">\n\t\t\t\t\t<h2 class=\"elementor-heading-title elementor-size-default\">Soci\u00e9t\u00e9 des Guides de Montagne et \u00c9ducateurs \u00e0 l'Environnement<\/h2>\t\t\t\t<\/div>\n\t\t\t\t<\/div>\n\t\t\t\t<div class=\"elementor-element elementor-element-169e8e8 verdf elementor-widget elementor-widget-text-editor\" data-id=\"169e8e8\" data-element_type=\"widget\" data-e-type=\"widget\" data-widget_type=\"text-editor.default\">\n\t\t\t\t<div class=\"elementor-widget-container\">\n\t\t\t\t\t\t\t\t\t<p>Leur guides, avec plus de 14 ans d&rsquo;exp\u00e9rience , vous feront d\u00e9couvrir les plus beaux endroits de la vall\u00e9e de Lord-Busa-Basets, dans la zone naturelle d&rsquo;int\u00e9r\u00eat \u00e9cologique. Nous sommes s\u00fbrs que ces activit\u00e9s r\u00e9pondront \u00e0 vos attentes. Elles peuvent \u00eatre adapt\u00e9es selon votre exp\u00e9rience.<\/p><p>Laissez-vous emporter par cette beaut\u00e9, \u00e7a vaut la peine.<\/p><p>Pour plus d&rsquo;information:<br \/><a href=\"http:\/\/www.relleus.cat\/\" target=\"_blank\" rel=\"noopener\" data-saferedirecturl=\"https:\/\/www.google.com\/url?q=http:\/\/www.relleus.cat&amp;source=gmail&amp;ust=1594106750823000&amp;usg=AFQjCNGITHR4wicEk8rD2JGZijcaRY4UfA\">www.relleus.cat<\/a><\/p>\t\t\t\t\t\t\t\t<\/div>\n\t\t\t\t<\/div>\n\t\t\t\t\t<\/div>\n\t\t<\/div>\n\t\t\t\t\t<\/div>\n\t\t<\/section>\n\t\t\t\t<section class=\"elementor-section elementor-top-section elementor-element elementor-element-a4bdc06 elementor-section-boxed elementor-section-height-default elementor-section-height-default\" data-id=\"a4bdc06\" data-element_type=\"section\" data-e-type=\"section\">\n\t\t\t\t\t\t<div class=\"elementor-container elementor-column-gap-default\">\n\t\t\t\t\t<div class=\"aux-parallax-section elementor-column elementor-col-50 elementor-top-column elementor-element elementor-element-fe8799b\" data-id=\"fe8799b\" data-element_type=\"column\" data-e-type=\"column\">\n\t\t\t<div class=\"elementor-widget-wrap elementor-element-populated\">\n\t\t\t\t\t\t<div class=\"elementor-element elementor-element-26f16af elementor-widget elementor-widget-image\" data-id=\"26f16af\" data-element_type=\"widget\" data-e-type=\"widget\" data-widget_type=\"image.default\">\n\t\t\t\t<div class=\"elementor-widget-container\">\n\t\t\t\t\t\t\t\t\t\t\t\t\t\t\t<img decoding=\"async\" width=\"201\" height=\"81\" src=\"https:\/\/www.calsaragossa.cat\/wp-content\/uploads\/2024\/02\/portdelcompte.png\" class=\"attachment-large size-large wp-image-865\" alt=\"\" \/>\t\t\t\t\t\t\t\t\t\t\t\t\t\t\t<\/div>\n\t\t\t\t<\/div>\n\t\t\t\t\t<\/div>\n\t\t<\/div>\n\t\t\t\t<div class=\"aux-parallax-section elementor-column elementor-col-50 elementor-top-column elementor-element elementor-element-c5fe3e3\" data-id=\"c5fe3e3\" data-element_type=\"column\" data-e-type=\"column\">\n\t\t\t<div class=\"elementor-widget-wrap elementor-element-populated\">\n\t\t\t\t\t\t<div class=\"elementor-element elementor-element-f70bb15 elementor-widget elementor-widget-heading\" data-id=\"f70bb15\" data-element_type=\"widget\" data-e-type=\"widget\" data-widget_type=\"heading.default\">\n\t\t\t\t<div class=\"elementor-widget-container\">\n\t\t\t\t\t<h2 class=\"elementor-heading-title elementor-size-default\">Port del comte<\/h2>\t\t\t\t<\/div>\n\t\t\t\t<\/div>\n\t\t\t\t<div class=\"elementor-element elementor-element-5233406 verdf elementor-widget elementor-widget-text-editor\" data-id=\"5233406\" data-element_type=\"widget\" data-e-type=\"widget\" data-widget_type=\"text-editor.default\">\n\t\t\t\t<div class=\"elementor-widget-container\">\n\t\t\t\t\t\t\t\t\t<p>\u00c0 seulement 22 km de Cal Saragossa, la station de ski de Port del Comte est l&rsquo;endroit id\u00e9al pour profiter de la neige en famille ou entre amis.<\/p>\n<p>Pour plus d&rsquo;information:<br><a href=\"https:\/\/portdelcomte.net\/\" target=\"_blank\" rel=\"noopener\">https:\/\/portdelcomte.net\/<\/a><\/p>\t\t\t\t\t\t\t\t<\/div>\n\t\t\t\t<\/div>\n\t\t\t\t\t<\/div>\n\t\t<\/div>\n\t\t\t\t\t<\/div>\n\t\t<\/section>\n\t\t\t\t<section class=\"elementor-section elementor-top-section elementor-element elementor-element-960ec46 elementor-section-boxed elementor-section-height-default elementor-section-height-default\" data-id=\"960ec46\" data-element_type=\"section\" data-e-type=\"section\">\n\t\t\t\t\t\t<div class=\"elementor-container elementor-column-gap-default\">\n\t\t\t\t\t<div class=\"aux-parallax-section elementor-column elementor-col-50 elementor-top-column elementor-element elementor-element-0ab8233\" data-id=\"0ab8233\" data-element_type=\"column\" data-e-type=\"column\">\n\t\t\t<div class=\"elementor-widget-wrap elementor-element-populated\">\n\t\t\t\t\t\t<div class=\"elementor-element elementor-element-95f8f94 elementor-widget elementor-widget-image\" data-id=\"95f8f94\" data-element_type=\"widget\" data-e-type=\"widget\" data-widget_type=\"image.default\">\n\t\t\t\t<div class=\"elementor-widget-container\">\n\t\t\t\t\t\t\t\t\t\t\t\t\t\t\t<img decoding=\"async\" width=\"201\" height=\"68\" src=\"https:\/\/www.calsaragossa.cat\/wp-content\/uploads\/2024\/02\/zoodelpirineu.png\" class=\"attachment-large size-large wp-image-864\" alt=\"\" \/>\t\t\t\t\t\t\t\t\t\t\t\t\t\t\t<\/div>\n\t\t\t\t<\/div>\n\t\t\t\t\t<\/div>\n\t\t<\/div>\n\t\t\t\t<div class=\"aux-parallax-section elementor-column elementor-col-50 elementor-top-column elementor-element elementor-element-a5a9f8b\" data-id=\"a5a9f8b\" data-element_type=\"column\" data-e-type=\"column\">\n\t\t\t<div class=\"elementor-widget-wrap elementor-element-populated\">\n\t\t\t\t\t\t<div class=\"elementor-element elementor-element-c31147e elementor-widget elementor-widget-heading\" data-id=\"c31147e\" data-element_type=\"widget\" data-e-type=\"widget\" data-widget_type=\"heading.default\">\n\t\t\t\t<div class=\"elementor-widget-container\">\n\t\t\t\t\t<h2 class=\"elementor-heading-title elementor-size-default\">Zoo des Pyr\u00e9n\u00e9es <\/h2>\t\t\t\t<\/div>\n\t\t\t\t<\/div>\n\t\t\t\t<div class=\"elementor-element elementor-element-dcfb637 verdf elementor-widget elementor-widget-text-editor\" data-id=\"dcfb637\" data-element_type=\"widget\" data-e-type=\"widget\" data-widget_type=\"text-editor.default\">\n\t\t\t\t<div class=\"elementor-widget-container\">\n\t\t\t\t\t\t\t\t\t<p>\u00c0 seulement 30 minutes de Cal Saragossa, le Zoo des Pyr\u00e9n\u00e9es est un lieu parfait pour profiter de la nature en famille ou entre amis en apprenant sur la faune locale.<br \/><br \/>Pour plus d&rsquo;information<br \/><a href=\"https:\/\/zoodelpirineu.com\/\" target=\"_blank\" rel=\"noopener\">https:\/\/zoodelpirineu.com\/<\/a><\/p>\t\t\t\t\t\t\t\t<\/div>\n\t\t\t\t<\/div>\n\t\t\t\t\t<\/div>\n\t\t<\/div>\n\t\t\t\t\t<\/div>\n\t\t<\/section>\n\t\t\t\t<section class=\"elementor-section elementor-top-section elementor-element elementor-element-d7ef855 elementor-section-boxed elementor-section-height-default elementor-section-height-default\" data-id=\"d7ef855\" data-element_type=\"section\" data-e-type=\"section\">\n\t\t\t\t\t\t<div class=\"elementor-container elementor-column-gap-default\">\n\t\t\t\t\t<div class=\"aux-parallax-section elementor-column elementor-col-50 elementor-top-column elementor-element elementor-element-df66b50\" data-id=\"df66b50\" data-element_type=\"column\" data-e-type=\"column\">\n\t\t\t<div class=\"elementor-widget-wrap elementor-element-populated\">\n\t\t\t\t\t\t<div class=\"elementor-element elementor-element-bdb8616 elementor-widget elementor-widget-image\" data-id=\"bdb8616\" data-element_type=\"widget\" data-e-type=\"widget\" data-widget_type=\"image.default\">\n\t\t\t\t<div class=\"elementor-widget-container\">\n\t\t\t\t\t\t\t\t\t\t\t\t\t\t\t<img loading=\"lazy\" decoding=\"async\" width=\"201\" height=\"93\" src=\"https:\/\/www.calsaragossa.cat\/wp-content\/uploads\/2024\/02\/salidecambrils.png\" class=\"attachment-large size-large wp-image-862\" alt=\"\" \/>\t\t\t\t\t\t\t\t\t\t\t\t\t\t\t<\/div>\n\t\t\t\t<\/div>\n\t\t\t\t\t<\/div>\n\t\t<\/div>\n\t\t\t\t<div class=\"aux-parallax-section elementor-column elementor-col-50 elementor-top-column elementor-element elementor-element-121a6ae\" data-id=\"121a6ae\" data-element_type=\"column\" data-e-type=\"column\">\n\t\t\t<div class=\"elementor-widget-wrap elementor-element-populated\">\n\t\t\t\t\t\t<div class=\"elementor-element elementor-element-a1885c1 elementor-widget elementor-widget-heading\" data-id=\"a1885c1\" data-element_type=\"widget\" data-e-type=\"widget\" data-widget_type=\"heading.default\">\n\t\t\t\t<div class=\"elementor-widget-container\">\n\t\t\t\t\t<h2 class=\"elementor-heading-title elementor-size-default\">Sal\u00ed de Cambrils<\/h2>\t\t\t\t<\/div>\n\t\t\t\t<\/div>\n\t\t\t\t<div class=\"elementor-element elementor-element-a83f2c3 verdf elementor-widget elementor-widget-text-editor\" data-id=\"a83f2c3\" data-element_type=\"widget\" data-e-type=\"widget\" data-widget_type=\"text-editor.default\">\n\t\t\t\t<div class=\"elementor-widget-container\">\n\t\t\t\t\t\t\t\t\t<p>Vous imaginez-vous vous d\u00e9tendre et vous ressourcer avec des eaux th\u00e9rapeutiques dans un cadre historique enti\u00e8rement restaur\u00e9 ? Profitez des bienfaits de l&rsquo;eau sal\u00e9e \u00e0 n&rsquo;importe quelle p\u00e9riode de l&rsquo;ann\u00e9e \u00e0 moins d&rsquo;une heure de Cal Saragossa.<\/p><p>Pour plus d&rsquo;information:<br \/><a href=\"http:\/\/salidecambrils.cat\/ca\/\" target=\"_blank\" rel=\"noopener\">http:\/\/salidecambrils.cat\/ca\/<\/a><\/p>\t\t\t\t\t\t\t\t<\/div>\n\t\t\t\t<\/div>\n\t\t\t\t\t<\/div>\n\t\t<\/div>\n\t\t\t\t\t<\/div>\n\t\t<\/section>\n\t\t\t\t<section class=\"elementor-section elementor-top-section elementor-element elementor-element-e771f47 elementor-section-boxed elementor-section-height-default elementor-section-height-default\" data-id=\"e771f47\" data-element_type=\"section\" data-e-type=\"section\">\n\t\t\t\t\t\t<div class=\"elementor-container elementor-column-gap-default\">\n\t\t\t\t\t<div class=\"aux-parallax-section elementor-column elementor-col-50 elementor-top-column elementor-element elementor-element-3653455\" data-id=\"3653455\" data-element_type=\"column\" data-e-type=\"column\">\n\t\t\t<div class=\"elementor-widget-wrap elementor-element-populated\">\n\t\t\t\t\t\t<div class=\"elementor-element elementor-element-5949611 elementor-widget elementor-widget-image\" data-id=\"5949611\" data-element_type=\"widget\" data-e-type=\"widget\" data-widget_type=\"image.default\">\n\t\t\t\t<div class=\"elementor-widget-container\">\n\t\t\t\t\t\t\t\t\t\t\t\t\t\t\t<img loading=\"lazy\" decoding=\"async\" width=\"159\" height=\"143\" src=\"https:\/\/www.calsaragossa.cat\/wp-content\/uploads\/2024\/02\/bungee.png\" class=\"attachment-large size-large wp-image-863\" alt=\"\" \/>\t\t\t\t\t\t\t\t\t\t\t\t\t\t\t<\/div>\n\t\t\t\t<\/div>\n\t\t\t\t\t<\/div>\n\t\t<\/div>\n\t\t\t\t<div class=\"aux-parallax-section elementor-column elementor-col-50 elementor-top-column elementor-element elementor-element-fadaa32\" data-id=\"fadaa32\" data-element_type=\"column\" data-e-type=\"column\">\n\t\t\t<div class=\"elementor-widget-wrap elementor-element-populated\">\n\t\t\t\t\t\t<div class=\"elementor-element elementor-element-75d2eb6 elementor-widget elementor-widget-heading\" data-id=\"75d2eb6\" data-element_type=\"widget\" data-e-type=\"widget\" data-widget_type=\"heading.default\">\n\t\t\t\t<div class=\"elementor-widget-container\">\n\t\t\t\t\t<h2 class=\"elementor-heading-title elementor-size-default\">Bungee.cat<\/h2>\t\t\t\t<\/div>\n\t\t\t\t<\/div>\n\t\t\t\t<div class=\"elementor-element elementor-element-3e55dba verdf elementor-widget elementor-widget-text-editor\" data-id=\"3e55dba\" data-element_type=\"widget\" data-e-type=\"widget\" data-widget_type=\"text-editor.default\">\n\t\t\t\t<div class=\"elementor-widget-container\">\n\t\t\t\t\t\t\t\t\t<p>Vous \u00eates amateur d&rsquo;adr\u00e9naline et de fortes \u00e9motions ? Profitez d&rsquo;un saut \u00e0 l&rsquo;\u00e9lastique de 122 m\u00e8tres de hauteur \u00e0 seulement 15 minutes de Cal Saragossa.<\/p><p>Pour plus d&rsquo;information:<br \/><a href=\"http:\/\/bungee.cat\/\" target=\"_blank\" rel=\"noopener\">http:\/\/bungee.cat\/<\/a><\/p>\t\t\t\t\t\t\t\t<\/div>\n\t\t\t\t<\/div>\n\t\t\t\t\t<\/div>\n\t\t<\/div>\n\t\t\t\t\t<\/div>\n\t\t<\/section>\n\t\t\t\t<section class=\"elementor-section elementor-top-section elementor-element elementor-element-471a69e elementor-section-boxed elementor-section-height-default elementor-section-height-default\" data-id=\"471a69e\" data-element_type=\"section\" data-e-type=\"section\">\n\t\t\t\t\t\t<div class=\"elementor-container elementor-column-gap-default\">\n\t\t\t\t\t<div class=\"aux-parallax-section elementor-column elementor-col-50 elementor-top-column elementor-element elementor-element-c800505\" data-id=\"c800505\" data-element_type=\"column\" data-e-type=\"column\">\n\t\t\t<div class=\"elementor-widget-wrap elementor-element-populated\">\n\t\t\t\t\t\t<div class=\"elementor-element elementor-element-bf2dba6 elementor-widget elementor-widget-image\" data-id=\"bf2dba6\" data-element_type=\"widget\" data-e-type=\"widget\" data-widget_type=\"image.default\">\n\t\t\t\t<div class=\"elementor-widget-container\">\n\t\t\t\t\t\t\t\t\t\t\t\t\t\t\t<img loading=\"lazy\" decoding=\"async\" width=\"242\" height=\"103\" src=\"https:\/\/www.calsaragossa.cat\/wp-content\/uploads\/2024\/02\/esportec.png\" class=\"attachment-large size-large wp-image-881\" alt=\"\" srcset=\"https:\/\/www.calsaragossa.cat\/wp-content\/uploads\/2024\/02\/esportec.png 242w, https:\/\/www.calsaragossa.cat\/wp-content\/uploads\/2024\/02\/esportec-200x85.png 200w\" sizes=\"(max-width: 242px) 100vw, 242px\" \/>\t\t\t\t\t\t\t\t\t\t\t\t\t\t\t<\/div>\n\t\t\t\t<\/div>\n\t\t\t\t\t<\/div>\n\t\t<\/div>\n\t\t\t\t<div class=\"aux-parallax-section elementor-column elementor-col-50 elementor-top-column elementor-element elementor-element-7fb5601\" data-id=\"7fb5601\" data-element_type=\"column\" data-e-type=\"column\">\n\t\t\t<div class=\"elementor-widget-wrap elementor-element-populated\">\n\t\t\t\t\t\t<div class=\"elementor-element elementor-element-d8f5fcf elementor-widget elementor-widget-heading\" data-id=\"d8f5fcf\" data-element_type=\"widget\" data-e-type=\"widget\" data-widget_type=\"heading.default\">\n\t\t\t\t<div class=\"elementor-widget-container\">\n\t\t\t\t\t<h2 class=\"elementor-heading-title elementor-size-default\">Esportec<\/h2>\t\t\t\t<\/div>\n\t\t\t\t<\/div>\n\t\t\t\t<div class=\"elementor-element elementor-element-585ee6a verdf elementor-widget elementor-widget-text-editor\" data-id=\"585ee6a\" data-element_type=\"widget\" data-e-type=\"widget\" data-widget_type=\"text-editor.default\">\n\t\t\t\t<div class=\"elementor-widget-container\">\n\t\t\t\t\t\t\t\t\t<p>\u00c0 seulement 30 minutes en voiture de Cal Saragossa, vous trouverez un parc d&rsquo;aventures avec des tyroliennes, des itin\u00e9raires en Segway, des tubbies et d&rsquo;autres activit\u00e9s pour les petits et les grands.<\/p><p>Pour plus d&rsquo;information:<br \/><a href=\"https:\/\/www.esportec.cat\/parc-daventura-port-del-comte\/\" target=\"_blank\" rel=\"noopener\">https:\/\/www.esportec.cat\/parc-daventura-port-del-comte\/<\/a><\/p>\t\t\t\t\t\t\t\t<\/div>\n\t\t\t\t<\/div>\n\t\t\t\t\t<\/div>\n\t\t<\/div>\n\t\t\t\t\t<\/div>\n\t\t<\/section>\n\t\t\t\t<section class=\"elementor-section elementor-top-section elementor-element elementor-element-0030434 elementor-section-boxed elementor-section-height-default elementor-section-height-default\" data-id=\"0030434\" data-element_type=\"section\" data-e-type=\"section\">\n\t\t\t\t\t\t<div class=\"elementor-container elementor-column-gap-default\">\n\t\t\t\t\t<div class=\"aux-parallax-section elementor-column elementor-col-50 elementor-top-column elementor-element elementor-element-5c5d100\" data-id=\"5c5d100\" data-element_type=\"column\" data-e-type=\"column\">\n\t\t\t<div class=\"elementor-widget-wrap elementor-element-populated\">\n\t\t\t\t\t\t<div class=\"elementor-element elementor-element-bcf513c elementor-widget elementor-widget-image\" data-id=\"bcf513c\" data-element_type=\"widget\" data-e-type=\"widget\" data-widget_type=\"image.default\">\n\t\t\t\t<div class=\"elementor-widget-container\">\n\t\t\t\t\t\t\t\t\t\t\t\t\t\t\t<img loading=\"lazy\" decoding=\"async\" width=\"163\" height=\"71\" src=\"https:\/\/www.calsaragossa.cat\/wp-content\/uploads\/2024\/01\/logo-kayak.png\" class=\"attachment-large size-large wp-image-621\" alt=\"\" \/>\t\t\t\t\t\t\t\t\t\t\t\t\t\t\t<\/div>\n\t\t\t\t<\/div>\n\t\t\t\t\t<\/div>\n\t\t<\/div>\n\t\t\t\t<div class=\"aux-parallax-section elementor-column elementor-col-50 elementor-top-column elementor-element elementor-element-7babd73\" data-id=\"7babd73\" data-element_type=\"column\" data-e-type=\"column\">\n\t\t\t<div class=\"elementor-widget-wrap elementor-element-populated\">\n\t\t\t\t\t\t<div class=\"elementor-element elementor-element-6a3ebc5 elementor-widget elementor-widget-heading\" data-id=\"6a3ebc5\" data-element_type=\"widget\" data-e-type=\"widget\" data-widget_type=\"heading.default\">\n\t\t\t\t<div class=\"elementor-widget-container\">\n\t\t\t\t\t<h2 class=\"elementor-heading-title elementor-size-default\">Passeja amb Kayak<\/h2>\t\t\t\t<\/div>\n\t\t\t\t<\/div>\n\t\t\t\t<div class=\"elementor-element elementor-element-de1c563 verdf elementor-widget elementor-widget-text-editor\" data-id=\"de1c563\" data-element_type=\"widget\" data-e-type=\"widget\" data-widget_type=\"text-editor.default\">\n\t\t\t\t<div class=\"elementor-widget-container\">\n\t\t\t\t\t\t\t\t\t<p>Voulez-vous avoir une exp\u00e9rience inoubliable? Louez un kayak double ou simple sur le lac Llosa del Cavall.<\/p><p>Nous vous proposons diff\u00e9rentes formules: location de kayak, location de kayak + logement + d\u00e9jeuner \u00e0 un prix imbattable.<\/p><p>Pour plus d&rsquo;information:<br \/><a href=\"https:\/\/kayakk1.com\/lloguer-caiacs-sup\/\" target=\"_blank\" rel=\"noopener\">https:\/\/kayakk1.com\/lloguer-caiacs-sup\/<\/a><\/p>\t\t\t\t\t\t\t\t<\/div>\n\t\t\t\t<\/div>\n\t\t\t\t\t<\/div>\n\t\t<\/div>\n\t\t\t\t\t<\/div>\n\t\t<\/section>\n\t\t\t\t<section class=\"elementor-section elementor-top-section elementor-element elementor-element-618d7d3 elementor-section-boxed elementor-section-height-default elementor-section-height-default\" data-id=\"618d7d3\" data-element_type=\"section\" data-e-type=\"section\">\n\t\t\t\t\t\t<div class=\"elementor-container elementor-column-gap-default\">\n\t\t\t\t\t<div class=\"aux-parallax-section elementor-column elementor-col-100 elementor-top-column elementor-element elementor-element-d94e5e7\" data-id=\"d94e5e7\" data-element_type=\"column\" data-e-type=\"column\">\n\t\t\t<div class=\"elementor-widget-wrap elementor-element-populated\">\n\t\t\t\t\t\t<div class=\"elementor-element elementor-element-38928a8 aux-appear-watch-animation aux-fade-in-down elementor-widget elementor-widget-aux_modern_button\" data-id=\"38928a8\" data-element_type=\"widget\" data-e-type=\"widget\" data-widget_type=\"aux_modern_button.default\">\n\t\t\t\t<div class=\"elementor-widget-container\">\n\t\t\t\t\t    <div class=\"aux-modern-button-wrapper aux-modern-button-align-center\" >\n                    <a class=\"aux-modern-button aux-black aux-modern-button-md aux-modern-button-normal aux-modern-button-default aux-icon-\" href=\"https:\/\/www.calsaragossa.cat\/promocions\/\">\n                <div class=\"aux-overlay\"><\/div>\n                                    <div class=\"aux-icon \">\n                                            <\/div>\n                                <div class=\"aux-text\">\n<span class=\"aux-text-before\">Veure promocions<\/span>                <\/div>\n            <\/a>\n            \n    <\/div>\n\n    \t\t\t\t<\/div>\n\t\t\t\t<\/div>\n\t\t\t\t\t<\/div>\n\t\t<\/div>\n\t\t\t\t\t<\/div>\n\t\t<\/section>\n\t\t\t\t<\/div>\n\t\t","protected":false},"excerpt":{"rendered":"<p>Cal Saragossa Activit\u00e9s Soci\u00e9t\u00e9 des Guides de Montagne et \u00c9ducateurs \u00e0 l&rsquo;Environnement Leur guides, avec plus de 14 ans d&rsquo;exp\u00e9rience , vous feront d\u00e9couvrir les plus beaux endroits de la vall\u00e9e de Lord-Busa-Basets, dans la zone naturelle d&rsquo;int\u00e9r\u00eat \u00e9cologique. Nous sommes s\u00fbrs que ces activit\u00e9s r\u00e9pondront \u00e0 vos attentes. Elles peuvent \u00eatre adapt\u00e9es selon votre [&hellip;]<\/p>\n","protected":false},"author":1,"featured_media":0,"parent":0,"menu_order":0,"comment_status":"closed","ping_status":"closed","template":"","meta":{"footnotes":""},"class_list":["post-1219","page","type-page","status-publish","hentry"],"_links":{"self":[{"href":"https:\/\/www.calsaragossa.cat\/fr\/wp-json\/wp\/v2\/pages\/1219","targetHints":{"allow":["GET"]}}],"collection":[{"href":"https:\/\/www.calsaragossa.cat\/fr\/wp-json\/wp\/v2\/pages"}],"about":[{"href":"https:\/\/www.calsaragossa.cat\/fr\/wp-json\/wp\/v2\/types\/page"}],"author":[{"embeddable":true,"href":"https:\/\/www.calsaragossa.cat\/fr\/wp-json\/wp\/v2\/users\/1"}],"replies":[{"embeddable":true,"href":"https:\/\/www.calsaragossa.cat\/fr\/wp-json\/wp\/v2\/comments?post=1219"}],"version-history":[{"count":14,"href":"https:\/\/www.calsaragossa.cat\/fr\/wp-json\/wp\/v2\/pages\/1219\/revisions"}],"predecessor-version":[{"id":2005,"href":"https:\/\/www.calsaragossa.cat\/fr\/wp-json\/wp\/v2\/pages\/1219\/revisions\/2005"}],"wp:attachment":[{"href":"https:\/\/www.calsaragossa.cat\/fr\/wp-json\/wp\/v2\/media?parent=1219"}],"curies":[{"name":"wp","href":"https:\/\/api.w.org\/{rel}","templated":true}]}}